{"id":3221,"date":"2021-08-26T14:52:42","date_gmt":"2021-08-26T12:52:42","guid":{"rendered":"https:\/\/andrinatisi.com\/aetherische-oele\/"},"modified":"2021-11-23T20:25:42","modified_gmt":"2021-11-23T19:25:42","slug":"aetherische-oele","status":"publish","type":"page","link":"https:\/\/andrinatisi.com\/de\/aetherische-oele\/","title":{"rendered":"\u00c4therische \u00d6le"},"content":{"rendered":"\n<h3>\n\t\tDie Kraft der \u00e4therischen \u00d6le f\u00fcr Dein Wohlbefinden\n\t<\/h3>\n<h2>\n\t\t\u00c4THERISCHE \u00d6LE K\u00d6NNEN DEIN K\u00d6RPERLICHES, EMOTIONALES UND GEISTIGES WOHLBEFINDEN IN SEKUNDENSCHNELLE VERBESSERN.\n\t<\/h2>\n\t<strong>Wie integrierst Du \u00e4therische \u00d6le in Deinen Alltag?<br \/>\n<\/strong><br \/>\n<strong>Vor ein paar Jahren habe ich angefangen, mit \u00e4therischen \u00d6len zu experimentieren.<\/strong> W\u00e4hrend dieser Zeit stand ich in meinem Firmenjob unter starkem\u00a0 Stress was meine emotionale und k\u00f6rperliche Gesundheit sehr beeintr\u00e4chtigte. Zusammen mit Yoga, Meditation und gesunder Ern\u00e4hrung wurden \u00e4therische \u00d6le bald ein t\u00e4glicher Anteil in meinem\u00a0 Leben. Sie halfen mir, geerdet zu bleiben, mein allgemeines Wohlbefinden zu verbessern und brachten meine Gesundheit auf ein ganz neues Niveau!\n<p><strong>Dadurch dass ich mich intensiv mit \u00e4therischen \u00d6len sowohl auf emotionaler als auch k\u00f6rperlicher Ebene besch\u00e4ftigt habe, habe ich mich Schritt f\u00fcr Schritt zu einer Expertin entwickelt.<\/strong><\/p>\n<p><strong>Ich nutze sie sowohl in meine Yogastunden, als auch in den\u00a0 Life Curation- und EFT-Sitzungen<\/strong>, um jede Modalit\u00e4t auf die n\u00e4chste Stufe zu heben und das Wohlbefinden meiner Kunden zu f\u00f6rdern. F\u00fcr die meisten Beschwerden und Gesundheitsprobleme\u00a0 gibt es ein passendes \u00d6l. Die therapeutischen Nutzen f\u00fcr die ganze Familie sind endlos.<\/p>\n\t\t\t<a href=\"mailto:hello@andrinatisi.com?subject=Buchung einer Aromatherapie Beratung\" target=\"_blank\" role=\"button\" rel=\"noopener\">\n\t\t\t\t\t\t\tBuche eine Aromatherapie-Beratung!\n\t\t\t\t\t<\/a>\n<h3>\n\t\tWarum ich d\u014dTERRA \u00e4therische \u00d6le verwende?\n\t<\/h3>\n<h2>\n\t\tREIN, POTENT UND ETHISCH PRODUZIERT\n\t<\/h2>\n\t<iframe loading=\"lazy\" title=\"What is a doTERRA Essential Oil?\" width=\"500\" height=\"281\" src=\"https:\/\/www.youtube.com\/embed\/OEnKOk4ad0U?feature=oembed\" frameborder=\"0\" allow=\"accelerometer; autoplay; clipboard-write; encrypted-media; gyroscope; picture-in-picture\" allowfullscreen><\/iframe>\n\t<p><strong>Anf\u00e4nglich kaufte ich \u00d6le aus meinem \u00f6rtlichen Bioladen, ohne zu wissen, dass sie vielleicht nicht rein oder von hoher Qualit\u00e4t sind.<\/strong> d\u014dTERRA hat sich verpflichtet, \u00d6le von h\u00f6chster Qualit\u00e4t zu produzieren, die rein, potent und auf ethische Weise hergestellt sind. Ihre Produkte sind 100% nat\u00fcrlich.<\/p>\n<p><strong>d\u014dTERRA produziert \u00e4therische \u00d6l nach der Massgabe von \u00abCertified Pure Therapeutic Grade\u00bb (CPTG) und stellt damit die sichersten und n\u00fctzlichsten \u00d6le zur Verf\u00fcgung.<\/strong> Dieser Standard wird von unabh\u00e4ngigen Laboren verifiziert. <a href=\"https:\/\/www.doterra.com\/US\/en\/cptg-testing-process\" target=\"_blank\" rel=\"noopener\">Erfahre hier mehr \u00fcber die CPTG-Qualit\u00e4tspr\u00fcfungen.<\/a><\/p>\n<p><strong>d\u014dTERRA setzt sich f\u00fcr Co-Impact Sourcing weltweit ein<\/strong>. Sie arbeiten mit Bauern zusammen, deren Familien seit Generationen Pflanzen anbauen und ernten. d\u014dTERRA ist auch ein Unterst\u00fctzer der so-genannten <i>Healing Hands Foundation<\/i>.<\/p>\n<p><strong>Wenn Du daran interessiert bist, mehr \u00fcber die therapeutischen Vorteile von \u00e4therischen \u00d6len zu erfahre<\/strong>n und wie Du davon profitieren kannst, dann <a href=\"mailto:hello@andrinatisi.com\" target=\"_blank\" rel=\"noopener\">kontaktiere mich f\u00fcr eine kostenlose Beratung<\/a> und lade hier mein <a href=\"https:\/\/andrinatisi.com\/?page_id=3465&amp;lang=de\" target=\"_blank\" rel=\"noopener\">kostenloses Mini-E-Book<\/a> (englisch!) herunter um noch heute in die Welt der Aromen einzutauchen.\u00a0<\/p>\n<p>Um mit dem Einkauf deiner eigenen \u00d6le zu beginnen, besuche <a href=\"https:\/\/www.mydoterra.com\/andrinatisi\/#\/\" target=\"_blank\" rel=\"noopener\">meinen d\u014dTERRA-Onlineshop<\/a>.<\/p>\n<p>F\u00fcr alle \u00e4therischen \u00d6le Zubeh\u00f6r, B\u00fccher, Glaswaren, und mehr besuche meinen <a href=\"https:\/\/www.oilspiration.ch\/\" target=\"_blank\" rel=\"noopener\">Online-Shop Oilspiration<\/a><\/p>\n\t<iframe loading=\"lazy\" title=\"What is a doTERRA Essential Oil?\" width=\"500\" height=\"281\" src=\"https:\/\/www.youtube.com\/embed\/OEnKOk4ad0U?feature=oembed\" frameborder=\"0\" allow=\"accelerometer; autoplay; clipboard-write; encrypted-media; gyroscope; picture-in-picture\" allowfullscreen><\/iframe>\n\t\t\t<a href=\"https:\/\/www.mydoterra.com\/andrinatisi\/#\/\" target=\"_blank\" role=\"button\" rel=\"noopener\">\n\t\t\t\t\t\t\tZum Shop gehen\n\t\t\t\t\t<\/a>\n\n","protected":false},"excerpt":{"rendered":"<p>Die Kraft der \u00e4therischen \u00d6le f\u00fcr Dein Wohlbefinden \u00c4THERISCHE \u00d6LE K\u00d6NNEN DEIN K\u00d6RPERLICHES, EMOTIONALES UND GEISTIGES WOHLBEFINDEN IN SEKUNDENSCHNELLE VERBESSERN. Wie integrierst Du \u00e4therische \u00d6le in Deinen Alltag? Vor ein paar Jahren habe ich angefangen, mit \u00e4therischen \u00d6len zu experimentieren. W\u00e4hrend dieser Zeit stand ich in meinem Firmenjob unter starkem\u00a0 Stress was meine emotionale und [&hellip;]<\/p>\n<p><a class=\"btn btn-pink btn-inline\" href=\"https:\/\/andrinatisi.com\/de\/aetherische-oele\/\">Read more<\/a><\/p>\n<a class=\"btn btn-pink btn-inline\" href=\"https:\/\/andrinatisi.com\/de\/aetherische-oele\/\">Read more<\/a>","protected":false},"author":1,"featured_media":3222,"parent":0,"menu_order":0,"comment_status":"closed","ping_status":"closed","template":"page-service.php","meta":{"footnotes":""},"class_list":["post-3221","page","type-page","status-publish","has-post-thumbnail","hentry"],"aioseo_notices":[],"_links":{"self":[{"href":"https:\/\/andrinatisi.com\/de\/wp-json\/wp\/v2\/pages\/3221","targetHints":{"allow":["GET"]}}],"collection":[{"href":"https:\/\/andrinatisi.com\/de\/wp-json\/wp\/v2\/pages"}],"about":[{"href":"https:\/\/andrinatisi.com\/de\/wp-json\/wp\/v2\/types\/page"}],"author":[{"embeddable":true,"href":"https:\/\/andrinatisi.com\/de\/wp-json\/wp\/v2\/users\/1"}],"replies":[{"embeddable":true,"href":"https:\/\/andrinatisi.com\/de\/wp-json\/wp\/v2\/comments?post=3221"}],"version-history":[{"count":2,"href":"https:\/\/andrinatisi.com\/de\/wp-json\/wp\/v2\/pages\/3221\/revisions"}],"predecessor-version":[{"id":3685,"href":"https:\/\/andrinatisi.com\/de\/wp-json\/wp\/v2\/pages\/3221\/revisions\/3685"}],"wp:featuredmedia":[{"embeddable":true,"href":"https:\/\/andrinatisi.com\/de\/wp-json\/wp\/v2\/media\/3222"}],"wp:attachment":[{"href":"https:\/\/andrinatisi.com\/de\/wp-json\/wp\/v2\/media?parent=3221"}],"curies":[{"name":"wp","href":"https:\/\/api.w.org\/{rel}","templated":true}]}}